{"id":433,"date":"2023-10-16T10:12:43","date_gmt":"2023-10-16T10:12:43","guid":{"rendered":"https:\/\/villasmadronal.es\/?page_id=433"},"modified":"2023-11-17T12:21:19","modified_gmt":"2023-11-17T12:21:19","slug":"conozca-inmolux","status":"publish","type":"page","link":"https:\/\/villasmadronal.es\/es\/conozca-inmolux\/","title":{"rendered":"Conozca Inmolux"},"content":{"rendered":"\n<div class=\"wp-block-group hero-wrapper\"><div class=\"wp-block-group__inner-container is-layout-constrained wp-block-group-is-layout-constrained\">\n<div style=\"padding:56.25% 0 0 0;position:relative;overflow:hidden;\"><iframe src=\"https:\/\/player.vimeo.com\/video\/885621218?autoplay=1&amp;loop=1&amp;autopause=0&amp;app_id=58479&amp;background=1&amp;quality=1080p\" allow=\"autoplay; fullscreen; picture-in-picture\" allowfullscreen=\"\" style=\"position:absolute;top:0;left:0;width:100%;height:100%;\" title=\"about_us\" frameborder=\"0\"><\/iframe><\/div><script src=\"https:\/\/player.vimeo.com\/api\/player.js\"><\/script>\n<\/div><\/div>\n\n\n\n<div class=\"wp-block-group intro-page aboutus\"><div class=\"wp-block-group__inner-container is-layout-constrained wp-block-group-is-layout-constrained\">\n<div class=\"wp-block-group container\"><div class=\"wp-block-group__inner-container is-layout-constrained wp-block-group-is-layout-constrained\">\n<h1 class=\"wp-block-heading\">La garant\u00eda de un gran grupo inmobilairio<\/h1>\n\n\n\n<p><strong>Inmolux<\/strong> es un l\u00edder de confianza en el <strong>sector inmobiliario de lujo en Marbella<\/strong> porque tratamos a clientes con una atenci\u00f3n, un servicio y una profesionalidad excepcional.<\/p>\n\n\n\n<p>Abarcamos con total garant\u00eda y solvencia todas las etapas: desde el dise\u00f1o y la planificaci\u00f3n, a la construcci\u00f3n con una alta atenci\u00f3n al detalle, un enfoque pr\u00e1ctico e innovador y por supuesto con la rigor y la excelencia que exige tratar con las mejores calidades del mercado.<\/p>\n\n\n\n<p>Sentimos pasi\u00f3n por ayudar a nuestros clientes. Y es esta pasi\u00f3n la que hace coincidir cada comprador de vivienda con su casa de ensue\u00f1o, en la comunidad perfecta, y con una excepcional experiencia de compra.<\/p>\n\n\n\n<p>Como especialistas inmobiliarios en el sector lujo, Inmolux tiene un nivel adicional de comprensi\u00f3n de lo que se necesita para comercializar, vender, negociar y comprar propiedades de alta gama.<\/p>\n<\/div><\/div>\n<\/div><\/div>\n\n\n\n<div class=\"wp-block-group mas100millones\"><div class=\"wp-block-group__inner-container is-layout-constrained wp-block-group-is-layout-constrained\">\n<div class=\"wp-block-group container\"><div class=\"wp-block-group__inner-container is-layout-constrained wp-block-group-is-layout-constrained\">\n<div class=\"wp-block-columns is-layout-flex wp-container-core-columns-is-layout-9d6595d7 wp-block-columns-is-layout-flex\">\n<div class=\"wp-block-column is-layout-flow wp-block-column-is-layout-flow\" style=\"flex-basis:38%\">\n<div class=\"wp-block-cover\"><span aria-hidden=\"true\" class=\"wp-block-cover__background has-background-dim-0 has-background-dim\"><\/span><img decoding=\"async\" width=\"1000\" height=\"1000\" class=\"wp-block-cover__image-background wp-image-258\" alt=\"\" src=\"https:\/\/villasmadronal.es\/wp-content\/uploads\/2023\/10\/about_01.jpg\" data-object-fit=\"cover\" srcset=\"https:\/\/villasmadronal.es\/wp-content\/uploads\/2023\/10\/about_01.jpg 1000w, https:\/\/villasmadronal.es\/wp-content\/uploads\/2023\/10\/about_01-800x800.jpg 800w, https:\/\/villasmadronal.es\/wp-content\/uploads\/2023\/10\/about_01-150x150.jpg 150w, https:\/\/villasmadronal.es\/wp-content\/uploads\/2023\/10\/about_01-768x768.jpg 768w\" sizes=\"(max-width: 1000px) 100vw, 1000px\" \/><div class=\"wp-block-cover__inner-container is-layout-flow wp-block-cover-is-layout-flow\">\n<p class=\"has-text-align-center has-large-font-size\"><\/p>\n<\/div><\/div>\n\n\n\n<h4 class=\"wp-block-heading\">m\u00e1s de 100 millones de euros<\/h4>\n\n\n\n<p>Es el valor total de los proyectos que hemos construido en las zonas de <strong>lujo de Marbella<\/strong>.<\/p>\n\n\n\n<h4 class=\"wp-block-heading spacer\">7 proyectos constru\u00eddos en 2023<\/h4>\n\n\n\n<p>Durante 2023 Inmolux aha ejecutado con \u00e9xito a construcci\u00f3n de 6 villas de alto standing y 1 hotel de 46 habitaciones.<\/p>\n<\/div>\n\n\n\n<div class=\"wp-block-column offset-text is-layout-flow wp-block-column-is-layout-flow\" style=\"flex-basis:62%\">\n<div class=\"wp-block-cover\"><span aria-hidden=\"true\" class=\"wp-block-cover__background has-background-dim-0 has-background-dim\"><\/span><img decoding=\"async\" width=\"1400\" height=\"1000\" class=\"wp-block-cover__image-background wp-image-260\" alt=\"\" src=\"https:\/\/villasmadronal.es\/wp-content\/uploads\/2023\/10\/about_02.jpg\" style=\"object-position:50% 22%\" data-object-fit=\"cover\" data-object-position=\"50% 22%\" srcset=\"https:\/\/villasmadronal.es\/wp-content\/uploads\/2023\/10\/about_02.jpg 1400w, https:\/\/villasmadronal.es\/wp-content\/uploads\/2023\/10\/about_02-800x571.jpg 800w, https:\/\/villasmadronal.es\/wp-content\/uploads\/2023\/10\/about_02-768x549.jpg 768w\" sizes=\"(max-width: 1400px) 100vw, 1400px\" \/><div class=\"wp-block-cover__inner-container is-layout-flow wp-block-cover-is-layout-flow\">\n<p class=\"has-text-align-center has-large-font-size\"><\/p>\n<\/div><\/div>\n\n\n\n<h4 class=\"wp-block-heading\">m\u00e1s de 10.000 m2 constru\u00eddos<\/h4>\n\n\n\n<p>La superficie total de los proyectos que hemos construido en las zonas de lujo de Marbella.<\/p>\n\n\n\n<h4 class=\"wp-block-heading spacer\">m\u00e1s de 10 a\u00f1os de experiencia en Marbella<\/h4>\n\n\n\n<p>Ayudando a centenares de clientes a encontrar la vivienda de sus sue\u00f1os.<\/p>\n<\/div>\n<\/div>\n<\/div><\/div>\n<\/div><\/div>\n\n\n\n<div class=\"wp-block-group contact-form-wrapper has-white-color has-black-background-color has-text-color has-background\"><div class=\"wp-block-group__inner-container is-layout-constrained wp-block-group-is-layout-constrained\">\n<div class=\"wp-block-group container\"><div class=\"wp-block-group__inner-container is-layout-constrained wp-block-group-is-layout-constrained\">\n<div class=\"wp-block-contact-form-7-contact-form-selector\">\n<div class=\"wpcf7 no-js\" id=\"wpcf7-f430-o1\" lang=\"es-ES\" dir=\"ltr\" data-wpcf7-id=\"430\">\n<div class=\"screen-reader-response\"><p role=\"status\" aria-live=\"polite\" aria-atomic=\"true\"><\/p> <ul><\/ul><\/div>\n<form action=\"\/es\/wp-json\/wp\/v2\/pages\/433#wpcf7-f430-o1\" method=\"post\" class=\"wpcf7-form init wpcf7-acceptance-as-validation\" aria-label=\"Formulario de contacto\" novalidate=\"novalidate\" data-status=\"init\">\n<fieldset class=\"hidden-fields-container\"><input type=\"hidden\" name=\"_wpcf7\" value=\"430\" \/><input type=\"hidden\" name=\"_wpcf7_version\" value=\"6.1.5\" \/><input type=\"hidden\" name=\"_wpcf7_locale\" value=\"es_ES\" \/><input type=\"hidden\" name=\"_wpcf7_unit_tag\" value=\"wpcf7-f430-o1\" \/><input type=\"hidden\" name=\"_wpcf7_container_post\" value=\"0\" \/><input type=\"hidden\" name=\"_wpcf7_posted_data_hash\" value=\"\" \/><input type=\"hidden\" name=\"_wpcf7_recaptcha_response\" value=\"\" \/>\n<\/fieldset>\n<div class=\"floating-more-info\">\n\t<p><a href=\"#contactform\">M\u00e1s informaci\u00f3n<\/a>\n\t<\/p>\n<\/div>\n<div class=\"form-logo\" id=\"contactform\">\n\t<p><img decoding=\"async\" src=\"\/wp-content\/themes\/ParadiseVillas\/images\/logotipo-madronal.svg\" loading=\"lazy\" width=\"250\" height=\"112\" \/>\n\t<\/p>\n<\/div>\n<div class=\"form-address\">\n\t<div class=\"row\">\n\t\t<div class=\"col-md-7\">\n\t\t\t<p>INMOLUX REAL ESTATE<br \/>\nAVDA. RICARDO SORIANO 55<br \/>\nMARBELLA - SPAIN\n\t\t\t<\/p>\n\t\t<\/div>\n\t\t<div class=\"col-md-5\">\n\t\t\t<p><a href=\"tel:0034952770782\">+34 952 770 782<\/a><br \/>\n<a href=\"tel:0034609868314\">+34 609 868 314<\/a>\n\t\t\t<\/p>\n\t\t<\/div>\n\t<\/div>\n<\/div>\n<div class=\"form-intro\">\n\t<p class=\"form-title\"><strong>Contacto<\/strong>\n\t<\/p>\n\t<p>No dudes en realizar cualquier consulta relacionada con estas villas o propiedades similares en <strong>Marbella<\/strong> y la <strong>Costa del Sol<\/strong>.\n\t<\/p>\n<\/div>\n<div class=\"row\">\n\t<div class=\"col-md-12 pb-3\">\n\t\t<p><label>Nombre completo: <span class=\"wpcf7-form-control-wrap\" data-name=\"fullname\"><input size=\"40\" maxlength=\"400\" class=\"wpcf7-form-control wpcf7-text wpcf7-validates-as-required form-control\" aria-required=\"true\" aria-invalid=\"false\" placeholder=\"Nombre y apellidos *\" value=\"\" type=\"text\" name=\"fullname\" \/><\/span><\/label>\n\t\t<\/p>\n\t<\/div>\n<\/div>\n<div class=\"row\">\n\t<div class=\"col-md-7 pb-3\">\n\t\t<p><label>Email: <span class=\"wpcf7-form-control-wrap\" data-name=\"email\"><input size=\"40\" maxlength=\"400\" class=\"wpcf7-form-control wpcf7-email wpcf7-validates-as-required wpcf7-text wpcf7-validates-as-email form-control\" aria-required=\"true\" aria-invalid=\"false\" placeholder=\"Correo electr\u00f3nico *\" value=\"\" type=\"email\" name=\"email\" \/><\/span><\/label>\n\t\t<\/p>\n\t<\/div>\n\t<div class=\"col-md-5 pb-3\">\n\t\t<p><label>Tel\u00e9fono: <span class=\"wpcf7-form-control-wrap\" data-name=\"phone\"><input size=\"40\" class=\"wpcf7-form-control wpcf7-phonetext wpcf7-text wpcf7-validates-as-phonetext\" data-numberonly=\"true\" aria-invalid=\"false\" placeholder=\"Phone number\" value=\"\" type=\"text\" name=\"phone\" \/><input type=\"hidden\" name=\"phone-country-code\" class=\"wpcf7-phonetext-country-code\" \/><\/span><\/label>\n\t\t<\/p>\n\t<\/div>\n<\/div>\n<div class=\"row\">\n\t<div class=\"col-md-12 pb-3\">\n\t\t<p><label>Comentarios: <span class=\"wpcf7-form-control-wrap\" data-name=\"message\"><textarea cols=\"40\" rows=\"10\" maxlength=\"2000\" class=\"wpcf7-form-control wpcf7-textarea form-control\" aria-invalid=\"false\" placeholder=\"Escriba aqui sus comentarios\" name=\"message\"><\/textarea><\/span><\/label>\n\t\t<\/p>\n\t<\/div>\n<\/div>\n<div class=\"row\">\n\t<div class=\"col-md-12\">\n\t\t<p><span class=\"wpcf7-form-control-wrap\" data-name=\"legal\"><span class=\"wpcf7-form-control wpcf7-acceptance\"><span class=\"wpcf7-list-item\"><label><input type=\"checkbox\" name=\"legal\" value=\"1\" aria-invalid=\"false\" \/><span class=\"wpcf7-list-item-label\">He le\u00eddo y acepto el <a href=\"\/es\/aviso-legal\/\" target=\"_blank\" title=\"aviso legal\">aviso legal<\/a> y la <a href=\"\/es\/politica-de-privacidad\/\" target=\"_blank\" title=\"pol\u00edtica de privacidad\">pol\u00edtica de privacidad<\/a> de este sitio.<\/span><\/label><\/span><\/span><\/span><br \/>\n<span class=\"wpcf7-form-control-wrap\" data-name=\"commercial\"><span class=\"wpcf7-form-control wpcf7-acceptance optional\"><span class=\"wpcf7-list-item\"><label><input type=\"checkbox\" name=\"commercial\" value=\"1\" aria-invalid=\"false\" \/><span class=\"wpcf7-list-item-label\">Acepto recibir m\u00e1s informaci\u00f3n comercial sobre estas villas u otras propiedades de Inmolux.<\/span><\/label><\/span><\/span><\/span>\n\t\t<\/p>\n\t<\/div>\n<\/div>\n<input class=\"wpcf7-form-control wpcf7-hidden\" value=\"\" type=\"hidden\" name=\"utm_source\" \/>\n<input class=\"wpcf7-form-control wpcf7-hidden\" value=\"\" type=\"hidden\" name=\"utm_medium\" \/>\n<input class=\"wpcf7-form-control wpcf7-hidden\" value=\"\" type=\"hidden\" name=\"utm_campaign\" \/>\n<div class=\"row\">\n\t<div class=\"col-md-12\">\n\t\t<p><input class=\"wpcf7-form-control wpcf7-submit has-spinner btn btn-secondary\" type=\"submit\" value=\"Enviar\" \/>\n\t\t<\/p>\n\t<\/div>\n<\/div><div class=\"wpcf7-response-output\" aria-hidden=\"true\"><\/div>\n<\/form>\n<\/div>\n<\/div>\n<\/div><\/div>\n<\/div><\/div>\n","protected":false},"excerpt":{"rendered":"<p>La garant\u00eda de un gran grupo inmobilairio Inmolux es un l\u00edder de confianza en el sector inmobiliario de lujo en Marbella porque tratamos a clientes con una atenci\u00f3n, un servicio y una profesionalidad excepcional. Abarcamos&#8230;<\/p>\n","protected":false},"author":1,"featured_media":0,"parent":0,"menu_order":0,"comment_status":"closed","ping_status":"closed","template":"","meta":{"inline_featured_image":false,"footnotes":""},"class_list":["post-433","page","type-page","status-publish","hentry"],"aioseo_notices":[],"_links":{"self":[{"href":"https:\/\/villasmadronal.es\/es\/wp-json\/wp\/v2\/pages\/433","targetHints":{"allow":["GET"]}}],"collection":[{"href":"https:\/\/villasmadronal.es\/es\/wp-json\/wp\/v2\/pages"}],"about":[{"href":"https:\/\/villasmadronal.es\/es\/wp-json\/wp\/v2\/types\/page"}],"author":[{"embeddable":true,"href":"https:\/\/villasmadronal.es\/es\/wp-json\/wp\/v2\/users\/1"}],"replies":[{"embeddable":true,"href":"https:\/\/villasmadronal.es\/es\/wp-json\/wp\/v2\/comments?post=433"}],"version-history":[{"count":3,"href":"https:\/\/villasmadronal.es\/es\/wp-json\/wp\/v2\/pages\/433\/revisions"}],"predecessor-version":[{"id":948,"href":"https:\/\/villasmadronal.es\/es\/wp-json\/wp\/v2\/pages\/433\/revisions\/948"}],"wp:attachment":[{"href":"https:\/\/villasmadronal.es\/es\/wp-json\/wp\/v2\/media?parent=433"}],"curies":[{"name":"wp","href":"https:\/\/api.w.org\/{rel}","templated":true}]}}