{"id":435,"date":"2023-10-16T10:12:26","date_gmt":"2023-10-16T10:12:26","guid":{"rendered":"https:\/\/villasmadronal.es\/?page_id=435"},"modified":"2023-11-03T09:46:12","modified_gmt":"2023-11-03T09:46:12","slug":"entorno","status":"publish","type":"page","link":"https:\/\/villasmadronal.es\/es\/entorno\/","title":{"rendered":"Entorno"},"content":{"rendered":"\n<div class=\"wp-block-group hero-wrapper\"><div class=\"wp-block-group__inner-container is-layout-constrained wp-block-group-is-layout-constrained\">\n<div class=\"wp-block-cover is-light\"><span aria-hidden=\"true\" class=\"wp-block-cover__background has-background-dim-0 has-background-dim\"><\/span><img decoding=\"async\" width=\"1920\" height=\"1080\" class=\"wp-block-cover__image-background wp-image-267\" alt=\"\" src=\"https:\/\/villasmadronal.es\/wp-content\/uploads\/2023\/10\/location_hero.jpg\" data-object-fit=\"cover\" srcset=\"https:\/\/villasmadronal.es\/wp-content\/uploads\/2023\/10\/location_hero.jpg 1920w, https:\/\/villasmadronal.es\/wp-content\/uploads\/2023\/10\/location_hero-800x450.jpg 800w, https:\/\/villasmadronal.es\/wp-content\/uploads\/2023\/10\/location_hero-768x432.jpg 768w, https:\/\/villasmadronal.es\/wp-content\/uploads\/2023\/10\/location_hero-1536x864.jpg 1536w\" sizes=\"(max-width: 1920px) 100vw, 1920px\" \/><div class=\"wp-block-cover__inner-container is-layout-constrained wp-block-cover-is-layout-constrained\">\n<p class=\"has-text-align-center has-large-font-size\"><\/p>\n<\/div><\/div>\n<\/div><\/div>\n\n\n\n<div class=\"wp-block-group intro-page location\"><div class=\"wp-block-group__inner-container is-layout-constrained wp-block-group-is-layout-constrained\">\n<div class=\"wp-block-group container\"><div class=\"wp-block-group__inner-container is-layout-constrained wp-block-group-is-layout-constrained\">\n<h1 class=\"wp-block-heading\">El para\u00edso existe en el sur de Espa\u00f1a. <br>Bienvenido a Marbella<\/h1>\n\n\n\n<p>Existe un lugar en este universo donde se saca el mayor partido a las largas jornadas de sol con planes irrechazables: <strong>Marbella<\/strong> y la <strong>Costa del Sol<\/strong>.<\/p>\n\n\n\n<p>Desde su historia como tranquilo pueblo pesquero hasta su transformaci\u00f3n en el epicentro del glamour europeo, <strong>Marbella<\/strong> siempre ha sido un im\u00e1n para aquellos en busca de lo mejor de la vida. Aqu\u00ed, las antiguas calles empedradas de su casco antiguo albergan boutiques de dise\u00f1adores internacionales, mientras que las plazas se llenan de risas y melod\u00edas flamencas que invitan a perderse en el momento. Cada rinc\u00f3n es una invitaci\u00f3n al arte de vivir.<\/p>\n<\/div><\/div>\n<\/div><\/div>\n\n\n\n<div class=\"wp-block-group container\"><div class=\"wp-block-group__inner-container is-layout-constrained wp-block-group-is-layout-constrained\">\n<div class=\"wp-block-columns im-images is-layout-flex wp-container-core-columns-is-layout-9d6595d7 wp-block-columns-is-layout-flex\">\n<div class=\"wp-block-column is-layout-flow wp-block-column-is-layout-flow\" style=\"flex-basis:66.66%\">\n<div class=\"wp-block-cover is-light\"><span aria-hidden=\"true\" class=\"wp-block-cover__background has-background-dim-0 has-background-dim\"><\/span><img decoding=\"async\" width=\"1600\" height=\"900\" class=\"wp-block-cover__image-background wp-image-274\" alt=\"\" src=\"https:\/\/villasmadronal.es\/wp-content\/uploads\/2023\/10\/location_01.jpg\" data-object-fit=\"cover\" srcset=\"https:\/\/villasmadronal.es\/wp-content\/uploads\/2023\/10\/location_01.jpg 1600w, https:\/\/villasmadronal.es\/wp-content\/uploads\/2023\/10\/location_01-800x450.jpg 800w, https:\/\/villasmadronal.es\/wp-content\/uploads\/2023\/10\/location_01-768x432.jpg 768w, https:\/\/villasmadronal.es\/wp-content\/uploads\/2023\/10\/location_01-1536x864.jpg 1536w\" sizes=\"(max-width: 1600px) 100vw, 1600px\" \/><div class=\"wp-block-cover__inner-container is-layout-constrained wp-block-cover-is-layout-constrained\">\n<p class=\"has-text-align-center has-large-font-size\"><\/p>\n<\/div><\/div>\n<\/div>\n\n\n\n<div class=\"wp-block-column is-layout-flow wp-block-column-is-layout-flow\" style=\"flex-basis:33.33%\">\n<div class=\"wp-block-cover is-light\"><span aria-hidden=\"true\" class=\"wp-block-cover__background has-background-dim-0 has-background-dim\"><\/span><img decoding=\"async\" width=\"900\" height=\"900\" class=\"wp-block-cover__image-background wp-image-276\" alt=\"\" src=\"https:\/\/villasmadronal.es\/wp-content\/uploads\/2023\/10\/location_02.jpg\" data-object-fit=\"cover\" srcset=\"https:\/\/villasmadronal.es\/wp-content\/uploads\/2023\/10\/location_02.jpg 900w, https:\/\/villasmadronal.es\/wp-content\/uploads\/2023\/10\/location_02-800x800.jpg 800w, https:\/\/villasmadronal.es\/wp-content\/uploads\/2023\/10\/location_02-150x150.jpg 150w, https:\/\/villasmadronal.es\/wp-content\/uploads\/2023\/10\/location_02-768x768.jpg 768w\" sizes=\"(max-width: 900px) 100vw, 900px\" \/><div class=\"wp-block-cover__inner-container is-layout-constrained wp-block-cover-is-layout-constrained\">\n<p class=\"has-text-align-center has-large-font-size\"><\/p>\n<\/div><\/div>\n<\/div>\n<\/div>\n<\/div><\/div>\n\n\n\n<div class=\"wp-block-group container offset-text\"><div class=\"wp-block-group__inner-container is-layout-constrained wp-block-group-is-layout-constrained\">\n<p>En <strong>Marbella<\/strong> son expertos en saborear los peque\u00f1os placeres del d\u00eda a d\u00eda, cada d\u00eda, todo el a\u00f1o. Con el Mediterr\u00e1neo como tel\u00f3n de fondo, la vida a la malague\u00f1a se trata de vivirla sin preocupaciones, por eso es conocido el car\u00e1cter abierto y hospitalario de sus habitantes, que saben disfrutarla con los cinco sentidos.<\/p>\n\n\n\n<p>Si alguna vez has so\u00f1ado con un lugar donde los d\u00edas se desvanecen en noches estrelladas, y donde la sofisticaci\u00f3n se encuentra en cada esquina, entonces, M\u00e1laga te est\u00e1 llamando.<\/p>\n\n\n\n<p>Y es que la <strong>Costa del Sol<\/strong> no es solo un lugar, es una experiencia. Su microclima, bendecido con m\u00e1s de 300 d\u00edas de sol al a\u00f1o, lo convierte en el refugio perfecto para aquellos que buscan escapar de los grises cielos del norte de Europa. Aqu\u00ed, la primavera parece eterna, permitiendo a los habitantes y visitantes disfrutar de un sinf\u00edn de actividades al aire libre. Desde los campos de golf de renombre mundial hasta los clubes de tenis o equitaci\u00f3n, pasando por las excursiones en yate o simplemente un paseo por la orilla del mar, Marbella ofrece un abanico de oportunidades para reconectar con uno mismo y con la naturaleza.<\/p>\n<\/div><\/div>\n\n\n\n<div class=\"wp-block-group container im-images-wrapper\"><div class=\"wp-block-group__inner-container is-layout-constrained wp-block-group-is-layout-constrained\">\n<div class=\"wp-block-columns is-not-stacked-on-mobile is-layout-flex wp-container-core-columns-is-layout-9d6595d7 wp-block-columns-is-layout-flex\">\n<div class=\"wp-block-column is-layout-flow wp-block-column-is-layout-flow\" style=\"flex-basis:50%\">\n<div class=\"wp-block-cover is-light\"><span aria-hidden=\"true\" class=\"wp-block-cover__background has-background-dim-0 has-background-dim\"><\/span><img decoding=\"async\" width=\"1200\" height=\"800\" class=\"wp-block-cover__image-background wp-image-248\" alt=\"\" src=\"https:\/\/villasmadronal.es\/wp-content\/uploads\/2023\/10\/location_03.jpg\" data-object-fit=\"cover\" srcset=\"https:\/\/villasmadronal.es\/wp-content\/uploads\/2023\/10\/location_03.jpg 1200w, https:\/\/villasmadronal.es\/wp-content\/uploads\/2023\/10\/location_03-800x533.jpg 800w, https:\/\/villasmadronal.es\/wp-content\/uploads\/2023\/10\/location_03-768x512.jpg 768w\" sizes=\"(max-width: 1200px) 100vw, 1200px\" \/><div class=\"wp-block-cover__inner-container is-layout-constrained wp-block-cover-is-layout-constrained\">\n<p class=\"has-text-align-center has-large-font-size\"><\/p>\n<\/div><\/div>\n<\/div>\n\n\n\n<div class=\"wp-block-column is-layout-flow wp-block-column-is-layout-flow\" style=\"flex-basis:50%\">\n<div class=\"wp-block-cover is-light\"><span aria-hidden=\"true\" class=\"wp-block-cover__background has-background-dim-0 has-background-dim\"><\/span><img decoding=\"async\" width=\"1200\" height=\"800\" class=\"wp-block-cover__image-background wp-image-284\" alt=\"\" src=\"https:\/\/villasmadronal.es\/wp-content\/uploads\/2023\/10\/location_04.jpg\" data-object-fit=\"cover\" srcset=\"https:\/\/villasmadronal.es\/wp-content\/uploads\/2023\/10\/location_04.jpg 1200w, https:\/\/villasmadronal.es\/wp-content\/uploads\/2023\/10\/location_04-800x533.jpg 800w, https:\/\/villasmadronal.es\/wp-content\/uploads\/2023\/10\/location_04-768x512.jpg 768w\" sizes=\"(max-width: 1200px) 100vw, 1200px\" \/><div class=\"wp-block-cover__inner-container is-layout-constrained wp-block-cover-is-layout-constrained\">\n<p class=\"has-text-align-center has-large-font-size\"><\/p>\n<\/div><\/div>\n<\/div>\n<\/div>\n\n\n\n<div class=\"wp-block-cover ar-169\"><span aria-hidden=\"true\" class=\"wp-block-cover__background has-background-dim-0 has-background-dim\"><\/span><img decoding=\"async\" width=\"1920\" height=\"997\" class=\"wp-block-cover__image-background wp-image-286\" alt=\"\" src=\"https:\/\/villasmadronal.es\/wp-content\/uploads\/2023\/10\/location_05.jpg\" data-object-fit=\"cover\" srcset=\"https:\/\/villasmadronal.es\/wp-content\/uploads\/2023\/10\/location_05.jpg 1920w, https:\/\/villasmadronal.es\/wp-content\/uploads\/2023\/10\/location_05-800x415.jpg 800w, https:\/\/villasmadronal.es\/wp-content\/uploads\/2023\/10\/location_05-768x399.jpg 768w, https:\/\/villasmadronal.es\/wp-content\/uploads\/2023\/10\/location_05-1536x798.jpg 1536w\" sizes=\"(max-width: 1920px) 100vw, 1920px\" \/><div class=\"wp-block-cover__inner-container is-layout-constrained wp-block-cover-is-layout-constrained\">\n<p class=\"has-text-align-center has-large-font-size\"><\/p>\n<\/div><\/div>\n<\/div><\/div>\n\n\n\n<div class=\"wp-block-group container\"><div class=\"wp-block-group__inner-container is-layout-constrained wp-block-group-is-layout-constrained\">\n<div class=\"wp-block-columns offset-text-cols is-layout-flex wp-container-core-columns-is-layout-9d6595d7 wp-block-columns-is-layout-flex\">\n<div class=\"wp-block-column is-layout-flow wp-block-column-is-layout-flow\">\n<p>Los <strong>campos de golf <\/strong>aqu\u00ed no son s\u00f3lo extensiones verdes donde se juega; son aut\u00e9nticas obras maestras dise\u00f1adas en paisajes que se integran con magn\u00edficas urbanizaciones y villas como el Madro\u00f1al donde se encuentran las Villas Alfa y Omega. En un radio de 50 kil\u00f3metros te encontrar\u00e1s con m\u00e1s de 50 campos de alto calibre. Muchos de ellos en el ranking de los 10 mejores campos de golf de Espa\u00f1a o Europa.<\/p>\n\n\n\n<p>Y en este oasis de bienestar y cultura, la seguridad es una prioridad. <strong>Marbella<\/strong> se enorgullece de ser uno de los destinos m\u00e1s seguros, tranquilos y hospitalarios. Las calles aqu\u00ed son lugares donde los ni\u00f1os pueden jugar sin preocupaciones, donde las familias pueden pasear de noche, y donde cada residente y visitante se siente protegido y en paz.<\/p>\n\n\n\n<p>Sin embargo, si por algo es conocida <strong>Marbella<\/strong>, es por su vibrante vida nocturna y su escena social. A medida que el sol se pone, la ciudad cobra vida. Las terrazas de los restaurantes se llenan de comensales ansiosos por degustar las delicias mediterr\u00e1neas. No es raro cruzarse con alguna celebridad en <strong>Puerto Ban\u00fas<\/strong>, el puerto deportivo donde se anclan los yates m\u00e1s impresionantes y las fiestas contin\u00faan hasta el amanecer.<\/p>\n<\/div>\n\n\n\n<div class=\"wp-block-column is-layout-flow wp-block-column-is-layout-flow\">\n<p>Pero <strong>Marbella<\/strong> tiene 1000 caras, destila lujo por los cuatro costados, no deja de ser un lugar aut\u00e9nticamente andaluz. La cultura local est\u00e1 profundamente arraigada, y es palpable en las festividades, la m\u00fasica y, por supuesto, la gastronom\u00eda. Desde las tapas tradicionales hasta los restaurantes con estrella Michelin, <strong>Marbella<\/strong> es un fest\u00edn para los sentidos. Las sardinas al espeto, cocinadas a la brasa en la misma playa, son un manjar que no te puedes perder, y son el ejemplo perfecto de c\u00f3mo esta ciudad combina lo sencillo con lo sofisticado.<\/p>\n\n\n\n<p>Para aquellos que buscan una vida de calidad, <strong>Marbella<\/strong> lo tiene todo. Las viviendas aqu\u00ed son de ensue\u00f1o, adem\u00e1s de una inversi\u00f3n segura, con tipolog\u00edas para todos los gustos. Desde incre\u00edbles villas en urbanizaciones privadas y exclusivas a magn\u00edficos apartamentos frente al mar.<\/p>\n\n\n\n<p>Adem\u00e1s, su ubicaci\u00f3n es ideal para explorar otras joyas de Andaluc\u00eda, como Granada, Sevilla o C\u00f3rdoba. Pero, quiz\u00e1s lo m\u00e1s importante es que Marbella es una comunidad. A pesar de su fama y su atracci\u00f3n global, sigue siendo un lugar donde los vecinos se conocen y donde las nuevas caras son acogidas con una sonrisa.<\/p>\n<\/div>\n<\/div>\n<\/div><\/div>\n\n\n\n<div class=\"wp-block-group container\"><div class=\"wp-block-group__inner-container is-layout-constrained wp-block-group-is-layout-constrained\">\n<figure class=\"wp-block-gallery has-nested-images columns-4 is-cropped wp-block-gallery-1 is-layout-flex wp-block-gallery-is-layout-flex\">\n<figure class=\"wp-block-image size-large\"><img decoding=\"async\" width=\"1000\" height=\"1000\" data-id=\"294\" src=\"https:\/\/villasmadronal.es\/wp-content\/uploads\/2023\/10\/location_06.jpg\" alt=\"\" class=\"wp-image-294\" srcset=\"https:\/\/villasmadronal.es\/wp-content\/uploads\/2023\/10\/location_06.jpg 1000w, https:\/\/villasmadronal.es\/wp-content\/uploads\/2023\/10\/location_06-800x800.jpg 800w, https:\/\/villasmadronal.es\/wp-content\/uploads\/2023\/10\/location_06-150x150.jpg 150w, https:\/\/villasmadronal.es\/wp-content\/uploads\/2023\/10\/location_06-768x768.jpg 768w\" sizes=\"(max-width: 1000px) 100vw, 1000px\" \/><\/figure>\n\n\n\n<figure class=\"wp-block-image size-large\"><img decoding=\"async\" width=\"1000\" height=\"1000\" data-id=\"295\" src=\"https:\/\/villasmadronal.es\/wp-content\/uploads\/2023\/10\/location_07.jpg\" alt=\"\" class=\"wp-image-295\" srcset=\"https:\/\/villasmadronal.es\/wp-content\/uploads\/2023\/10\/location_07.jpg 1000w, https:\/\/villasmadronal.es\/wp-content\/uploads\/2023\/10\/location_07-800x800.jpg 800w, https:\/\/villasmadronal.es\/wp-content\/uploads\/2023\/10\/location_07-150x150.jpg 150w, https:\/\/villasmadronal.es\/wp-content\/uploads\/2023\/10\/location_07-768x768.jpg 768w\" sizes=\"(max-width: 1000px) 100vw, 1000px\" \/><\/figure>\n\n\n\n<figure class=\"wp-block-image size-large\"><img decoding=\"async\" width=\"1000\" height=\"1000\" data-id=\"302\" src=\"https:\/\/villasmadronal.es\/wp-content\/uploads\/2023\/10\/location_08.jpg\" alt=\"\" class=\"wp-image-302\" srcset=\"https:\/\/villasmadronal.es\/wp-content\/uploads\/2023\/10\/location_08.jpg 1000w, https:\/\/villasmadronal.es\/wp-content\/uploads\/2023\/10\/location_08-800x800.jpg 800w, https:\/\/villasmadronal.es\/wp-content\/uploads\/2023\/10\/location_08-150x150.jpg 150w, https:\/\/villasmadronal.es\/wp-content\/uploads\/2023\/10\/location_08-768x768.jpg 768w\" sizes=\"(max-width: 1000px) 100vw, 1000px\" \/><\/figure>\n\n\n\n<figure class=\"wp-block-image size-large\"><img decoding=\"async\" width=\"1000\" height=\"1000\" data-id=\"298\" src=\"https:\/\/villasmadronal.es\/wp-content\/uploads\/2023\/10\/location_09.jpg\" alt=\"\" class=\"wp-image-298\" srcset=\"https:\/\/villasmadronal.es\/wp-content\/uploads\/2023\/10\/location_09.jpg 1000w, https:\/\/villasmadronal.es\/wp-content\/uploads\/2023\/10\/location_09-800x800.jpg 800w, https:\/\/villasmadronal.es\/wp-content\/uploads\/2023\/10\/location_09-150x150.jpg 150w, https:\/\/villasmadronal.es\/wp-content\/uploads\/2023\/10\/location_09-768x768.jpg 768w\" sizes=\"(max-width: 1000px) 100vw, 1000px\" \/><\/figure>\n\n\n\n<figure class=\"wp-block-image size-large\"><img decoding=\"async\" width=\"1000\" height=\"1000\" data-id=\"300\" src=\"https:\/\/villasmadronal.es\/wp-content\/uploads\/2023\/10\/location_10.jpg\" alt=\"\" class=\"wp-image-300\" srcset=\"https:\/\/villasmadronal.es\/wp-content\/uploads\/2023\/10\/location_10.jpg 1000w, https:\/\/villasmadronal.es\/wp-content\/uploads\/2023\/10\/location_10-800x800.jpg 800w, https:\/\/villasmadronal.es\/wp-content\/uploads\/2023\/10\/location_10-150x150.jpg 150w, https:\/\/villasmadronal.es\/wp-content\/uploads\/2023\/10\/location_10-768x768.jpg 768w\" sizes=\"(max-width: 1000px) 100vw, 1000px\" \/><\/figure>\n\n\n\n<figure class=\"wp-block-image size-large\"><img decoding=\"async\" width=\"1000\" height=\"1000\" data-id=\"304\" src=\"https:\/\/villasmadronal.es\/wp-content\/uploads\/2023\/10\/location_11.jpg\" alt=\"\" class=\"wp-image-304\" srcset=\"https:\/\/villasmadronal.es\/wp-content\/uploads\/2023\/10\/location_11.jpg 1000w, https:\/\/villasmadronal.es\/wp-content\/uploads\/2023\/10\/location_11-800x800.jpg 800w, https:\/\/villasmadronal.es\/wp-content\/uploads\/2023\/10\/location_11-150x150.jpg 150w, https:\/\/villasmadronal.es\/wp-content\/uploads\/2023\/10\/location_11-768x768.jpg 768w\" sizes=\"(max-width: 1000px) 100vw, 1000px\" \/><\/figure>\n<\/figure>\n<\/div><\/div>\n\n\n\n<div class=\"wp-block-group container offset-text\"><div class=\"wp-block-group__inner-container is-layout-constrained wp-block-group-is-layout-constrained\">\n<h2 class=\"wp-block-heading\">Vivir en El Madro\u00f1al<\/h2>\n\n\n\n<p>El Madro\u00f1al es una exclusiva urbanizaci\u00f3n en la Costa del Sol, su ubicaci\u00f3n privilegiada en las colinas de Benahav\u00eds que brinda vistas panor\u00e1micas al mar Mediterr\u00e1neo y la costa africana, otra de las muchas ventajas de vivir aqu\u00ed. Adem\u00e1s, la urbanizaci\u00f3n destaca por su seguridad y privacidad, con acceso restringido y seguridad las 24 horas, lo que proporciona paz y tranquilidad a los residentes.&nbsp;<\/p>\n\n\n\n<p>En un entorno natural exuberante, el Madro\u00f1al se encuentra cerca de los mejores campos de golf de la Costa del Sol, al igual que de fant\u00e1sticas playas. Los alrededores tambi\u00e9n albergan una vibrante escena gastron\u00f3mica y opciones culturales y de entretenimiento que hacen de El Madro\u00f1al un lugar id\u00f3neo para disfrutar de un estilo de vida lujoso y multicultural. Adem\u00e1s, la inversi\u00f3n a largo plazo es muy atractiva en la zona debido a la alta demanda de bienes ra\u00edces, y la comunidad internacional que ofrece la oportunidad de conectarse con personas de todo el mundo.<\/p>\n<\/div><\/div>\n\n\n\n<div class=\"wp-block-group im-fullwidth\"><div class=\"wp-block-group__inner-container is-layout-constrained wp-block-group-is-layout-constrained\">\n<figure class=\"wp-block-image size-large\"><img decoding=\"async\" src=\"https:\/\/villasmadronal.es\/wp-content\/uploads\/2023\/11\/map_Madronal.svg\" alt=\"\" class=\"wp-image-664\"\/><\/figure>\n<\/div><\/div>\n\n\n\n<div class=\"wp-block-group container offset-text\"><div class=\"wp-block-group__inner-container is-layout-constrained wp-block-group-is-layout-constrained\">\n<p>As\u00ed que, si alguna vez has so\u00f1ado con un lugar donde el lujo y la autenticidad coexisten en perfecta armon\u00eda, <strong>Marbella es tu destino<\/strong>. Aqu\u00ed, cada d\u00eda es una celebraci\u00f3n, cada momento una oportunidad para disfrutar de lo mejor que la vida tiene para ofrecer. <strong>Marbella<\/strong> no es solo un lugar para visitar; es un lugar para vivir.<\/p>\n<\/div><\/div>\n\n\n\n<div class=\"wp-block-group contact-form-wrapper has-white-color has-black-background-color has-text-color has-background\"><div class=\"wp-block-group__inner-container is-layout-constrained wp-block-group-is-layout-constrained\">\n<div class=\"wp-block-group container\"><div class=\"wp-block-group__inner-container is-layout-constrained wp-block-group-is-layout-constrained\">\n<div class=\"wp-block-contact-form-7-contact-form-selector\">\n<div class=\"wpcf7 no-js\" id=\"wpcf7-f430-o1\" lang=\"es-ES\" dir=\"ltr\" data-wpcf7-id=\"430\">\n<div class=\"screen-reader-response\"><p role=\"status\" aria-live=\"polite\" aria-atomic=\"true\"><\/p> <ul><\/ul><\/div>\n<form action=\"\/es\/wp-json\/wp\/v2\/pages\/435#wpcf7-f430-o1\" method=\"post\" class=\"wpcf7-form init wpcf7-acceptance-as-validation\" aria-label=\"Formulario de contacto\" novalidate=\"novalidate\" data-status=\"init\">\n<fieldset class=\"hidden-fields-container\"><input type=\"hidden\" name=\"_wpcf7\" value=\"430\" \/><input type=\"hidden\" name=\"_wpcf7_version\" value=\"6.1.5\" \/><input type=\"hidden\" name=\"_wpcf7_locale\" value=\"es_ES\" \/><input type=\"hidden\" name=\"_wpcf7_unit_tag\" value=\"wpcf7-f430-o1\" \/><input type=\"hidden\" name=\"_wpcf7_container_post\" value=\"0\" \/><input type=\"hidden\" name=\"_wpcf7_posted_data_hash\" value=\"\" \/><input type=\"hidden\" name=\"_wpcf7_recaptcha_response\" value=\"\" \/>\n<\/fieldset>\n<div class=\"floating-more-info\">\n\t<p><a href=\"#contactform\">M\u00e1s informaci\u00f3n<\/a>\n\t<\/p>\n<\/div>\n<div class=\"form-logo\" id=\"contactform\">\n\t<p><img decoding=\"async\" src=\"\/wp-content\/themes\/ParadiseVillas\/images\/logotipo-madronal.svg\" loading=\"lazy\" width=\"250\" height=\"112\" \/>\n\t<\/p>\n<\/div>\n<div class=\"form-address\">\n\t<div class=\"row\">\n\t\t<div class=\"col-md-7\">\n\t\t\t<p>INMOLUX REAL ESTATE<br \/>\nAVDA. RICARDO SORIANO 55<br \/>\nMARBELLA - SPAIN\n\t\t\t<\/p>\n\t\t<\/div>\n\t\t<div class=\"col-md-5\">\n\t\t\t<p><a href=\"tel:0034952770782\">+34 952 770 782<\/a><br \/>\n<a href=\"tel:0034609868314\">+34 609 868 314<\/a>\n\t\t\t<\/p>\n\t\t<\/div>\n\t<\/div>\n<\/div>\n<div class=\"form-intro\">\n\t<p class=\"form-title\"><strong>Contacto<\/strong>\n\t<\/p>\n\t<p>No dudes en realizar cualquier consulta relacionada con estas villas o propiedades similares en <strong>Marbella<\/strong> y la <strong>Costa del Sol<\/strong>.\n\t<\/p>\n<\/div>\n<div class=\"row\">\n\t<div class=\"col-md-12 pb-3\">\n\t\t<p><label>Nombre completo: <span class=\"wpcf7-form-control-wrap\" data-name=\"fullname\"><input size=\"40\" maxlength=\"400\" class=\"wpcf7-form-control wpcf7-text wpcf7-validates-as-required form-control\" aria-required=\"true\" aria-invalid=\"false\" placeholder=\"Nombre y apellidos *\" value=\"\" type=\"text\" name=\"fullname\" \/><\/span><\/label>\n\t\t<\/p>\n\t<\/div>\n<\/div>\n<div class=\"row\">\n\t<div class=\"col-md-7 pb-3\">\n\t\t<p><label>Email: <span class=\"wpcf7-form-control-wrap\" data-name=\"email\"><input size=\"40\" maxlength=\"400\" class=\"wpcf7-form-control wpcf7-email wpcf7-validates-as-required wpcf7-text wpcf7-validates-as-email form-control\" aria-required=\"true\" aria-invalid=\"false\" placeholder=\"Correo electr\u00f3nico *\" value=\"\" type=\"email\" name=\"email\" \/><\/span><\/label>\n\t\t<\/p>\n\t<\/div>\n\t<div class=\"col-md-5 pb-3\">\n\t\t<p><label>Tel\u00e9fono: <span class=\"wpcf7-form-control-wrap\" data-name=\"phone\"><input size=\"40\" class=\"wpcf7-form-control wpcf7-phonetext wpcf7-text wpcf7-validates-as-phonetext\" data-numberonly=\"true\" aria-invalid=\"false\" placeholder=\"Phone number\" value=\"\" type=\"text\" name=\"phone\" \/><input type=\"hidden\" name=\"phone-country-code\" class=\"wpcf7-phonetext-country-code\" \/><\/span><\/label>\n\t\t<\/p>\n\t<\/div>\n<\/div>\n<div class=\"row\">\n\t<div class=\"col-md-12 pb-3\">\n\t\t<p><label>Comentarios: <span class=\"wpcf7-form-control-wrap\" data-name=\"message\"><textarea cols=\"40\" rows=\"10\" maxlength=\"2000\" class=\"wpcf7-form-control wpcf7-textarea form-control\" aria-invalid=\"false\" placeholder=\"Escriba aqui sus comentarios\" name=\"message\"><\/textarea><\/span><\/label>\n\t\t<\/p>\n\t<\/div>\n<\/div>\n<div class=\"row\">\n\t<div class=\"col-md-12\">\n\t\t<p><span class=\"wpcf7-form-control-wrap\" data-name=\"legal\"><span class=\"wpcf7-form-control wpcf7-acceptance\"><span class=\"wpcf7-list-item\"><label><input type=\"checkbox\" name=\"legal\" value=\"1\" aria-invalid=\"false\" \/><span class=\"wpcf7-list-item-label\">He le\u00eddo y acepto el <a href=\"\/es\/aviso-legal\/\" target=\"_blank\" title=\"aviso legal\">aviso legal<\/a> y la <a href=\"\/es\/politica-de-privacidad\/\" target=\"_blank\" title=\"pol\u00edtica de privacidad\">pol\u00edtica de privacidad<\/a> de este sitio.<\/span><\/label><\/span><\/span><\/span><br \/>\n<span class=\"wpcf7-form-control-wrap\" data-name=\"commercial\"><span class=\"wpcf7-form-control wpcf7-acceptance optional\"><span class=\"wpcf7-list-item\"><label><input type=\"checkbox\" name=\"commercial\" value=\"1\" aria-invalid=\"false\" \/><span class=\"wpcf7-list-item-label\">Acepto recibir m\u00e1s informaci\u00f3n comercial sobre estas villas u otras propiedades de Inmolux.<\/span><\/label><\/span><\/span><\/span>\n\t\t<\/p>\n\t<\/div>\n<\/div>\n<input class=\"wpcf7-form-control wpcf7-hidden\" value=\"\" type=\"hidden\" name=\"utm_source\" \/>\n<input class=\"wpcf7-form-control wpcf7-hidden\" value=\"\" type=\"hidden\" name=\"utm_medium\" \/>\n<input class=\"wpcf7-form-control wpcf7-hidden\" value=\"\" type=\"hidden\" name=\"utm_campaign\" \/>\n<div class=\"row\">\n\t<div class=\"col-md-12\">\n\t\t<p><input class=\"wpcf7-form-control wpcf7-submit has-spinner btn btn-secondary\" type=\"submit\" value=\"Enviar\" \/>\n\t\t<\/p>\n\t<\/div>\n<\/div><div class=\"wpcf7-response-output\" aria-hidden=\"true\"><\/div>\n<\/form>\n<\/div>\n<\/div>\n<\/div><\/div>\n<\/div><\/div>\n","protected":false},"excerpt":{"rendered":"<p>El para\u00edso existe en el sur de Espa\u00f1a. Bienvenido a Marbella Existe un lugar en este universo donde se saca el mayor partido a las largas jornadas de sol con planes irrechazables: Marbella y la&#8230;<\/p>\n","protected":false},"author":1,"featured_media":0,"parent":0,"menu_order":0,"comment_status":"closed","ping_status":"closed","template":"","meta":{"inline_featured_image":false,"footnotes":""},"class_list":["post-435","page","type-page","status-publish","hentry"],"aioseo_notices":[],"_links":{"self":[{"href":"https:\/\/villasmadronal.es\/es\/wp-json\/wp\/v2\/pages\/435","targetHints":{"allow":["GET"]}}],"collection":[{"href":"https:\/\/villasmadronal.es\/es\/wp-json\/wp\/v2\/pages"}],"about":[{"href":"https:\/\/villasmadronal.es\/es\/wp-json\/wp\/v2\/types\/page"}],"author":[{"embeddable":true,"href":"https:\/\/villasmadronal.es\/es\/wp-json\/wp\/v2\/users\/1"}],"replies":[{"embeddable":true,"href":"https:\/\/villasmadronal.es\/es\/wp-json\/wp\/v2\/comments?post=435"}],"version-history":[{"count":6,"href":"https:\/\/villasmadronal.es\/es\/wp-json\/wp\/v2\/pages\/435\/revisions"}],"predecessor-version":[{"id":698,"href":"https:\/\/villasmadronal.es\/es\/wp-json\/wp\/v2\/pages\/435\/revisions\/698"}],"wp:attachment":[{"href":"https:\/\/villasmadronal.es\/es\/wp-json\/wp\/v2\/media?parent=435"}],"curies":[{"name":"wp","href":"https:\/\/api.w.org\/{rel}","templated":true}]}}