{"id":774,"date":"2023-10-16T10:13:34","date_gmt":"2023-10-16T10:13:34","guid":{"rendered":"https:\/\/villasmadronal.es\/legal-advice\/"},"modified":"2023-11-08T16:54:20","modified_gmt":"2023-11-08T16:54:20","slug":"legal-advice","status":"publish","type":"page","link":"https:\/\/villasmadronal.es\/ru\/legal-advice\/","title":{"rendered":"Legal Advice"},"content":{"rendered":"\n<div class=\"wp-block-group container polices\"><div class=\"wp-block-group__inner-container is-layout-constrained wp-block-group-is-layout-constrained\">\n<h1 class=\"wp-block-heading\">Legal Advice<\/h1>\n\n\n\n<p>La presente WEB es propiedad de INMOLUX Group con domicilio social en Avenida Ricardo Soriano, 55. Marbella, Malaga, con CIF n\u00ba XXXXXX.<\/p>\n\n\n\n<p>INMOLUX Group agradece su inter\u00e9s por sus productos y su visita a su p\u00e1gina Web. Su privacidad es importante para nosotros y deseamos que se sienta seguro visitando nuestra p\u00e1gina. La protecci\u00f3n de su intimidad en relaci\u00f3n con el tratamiento de sus datos personales es un aspecto importante, que tenemos en cuenta en todos nuestros procedimientos comerciales. Todos los datos personales recogidos durante la visita a nuestras p\u00e1ginas Web se tratan en conformidad con la normativa de protecci\u00f3n de datos espa\u00f1ola y europea. Al mismo tiempo, nuestra pol\u00edtica de protecci\u00f3n de datos personales se basa en el c\u00f3digo de conducta aplicable a INMOLUX Group Las p\u00e1ginas web de INMOLUX Group pueden contener v\u00ednculos que conducen a p\u00e1ginas web de otras marcas o empresas; nuestra declaraci\u00f3n de privacidad no se extiende a estas p\u00e1ginas.<\/p>\n\n\n\n<p><strong>Propiedad Intelectual.<\/strong><br>Todo el material incluido en esta website es propiedad intelectual de INMOLUX Group Este material no podr\u00e1 ser copiado o reproducido, salvo en la medida que sea necesario para visualizarlo on-line. Sin perjuicio de lo anterior, se podr\u00e1n imprimir las p\u00e1ginas completas del website para uso personal. INMOLUX Group podr\u00e1 ocasionalmente, dar la oportunidad de descargar documentos, posters o salvapantallas y otras opciones disponibles en website. INMOLUX Group respeta su privacidad y su intimidad.<\/p>\n\n\n\n<p><strong>Recogida y tratamiento de datos personales<\/strong><br>Durante su visita a nuestras p\u00e1ginas de internet, nuestros servidores web memorizan de forma estandarizada solamente el nombre de su proveedor de internet, la p\u00e1gina web desde la que nos ha visitado, las p\u00e1ginas que consulta dentro de nuestra web y la fecha y la duraci\u00f3n de su visita. INMOLUX Group utiliza \u201ccookies\u201d para analizar las preferencias de los visitantes de su web y poder optimizar su contenido en funci\u00f3n de estas preferencias. Junto a estas informaciones, solo se recogen datos personales si usted mismo nos lo da a conocer: por ejemplo, si se registra en un formulario, si responde a una encuesta, si toma parte en un concurso o si formaliza un contrato.<\/p>\n\n\n\n<p><strong>Transferencia de datos personales y uso previsto<\/strong><br>INMOLUX Group utiliza sus datos personales dentro del \u00e1mbito de la gesti\u00f3n t\u00e9cnica de las p\u00e1ginas de internet, para la gesti\u00f3n de clientes, para encuestas en relaci\u00f3n con productos y para medidas de marketing, y solo en la extensi\u00f3n y necesaria para estos fines. La recogida o la transferencia de datos personales para el uso en organismos estatales y autoridades se llevan a cabo exclusivamente en conformidad con el derecho nacional vigente en cada caso. Nuestros empleados, las agencias contratadas y nuestras oficinas est\u00e1n obligados por el C\u00f3digo de Conducta de INMOLUX ALICANE S.L a respetar la confidencialidad de los datos que reciban de nosotros.<\/p>\n\n\n\n<p><strong>Car\u00e1cter voluntario de la comunicaci\u00f3n de datos<\/strong><br>El objeto de la recogida de sus datos personales es poder informarles sobre nuestros productos y nuestros servicios y, dado el caso, solicitar su opini\u00f3n en encuestas sobre este tema. Se entiende por si mismo que la participaci\u00f3n en este tipo de campa\u00f1as es voluntaria. Si no est\u00e1 de acuerdo con esta utilizaci\u00f3n de los datos, puede comunicarlo por v\u00eda postal o correo electr\u00f3nico, para que bloqueemos los datos correspondientes. Si desea informaci\u00f3n adicional consulte nuestra Pol\u00edtica de Privacidad https:\/\/www.domain.es\/proteccion-de-datos\/<\/p>\n\n\n\n<p><strong>Seguridad<\/strong><br>INMOLUX Group toma las medidas t\u00e9cnicas y administrativas adecuadas para proteger los datos recogidos contra la manipulaci\u00f3n casual o deliberada, la p\u00e9rdida o la destrucci\u00f3n, as\u00ed como contra el acceso por parte de personas no autorizadas. Estas medidas de seguridad se optimizan continuamente en conformidad con el desarrollo t\u00e9cnico.<\/p>\n\n\n\n<p><strong>Derecho de informaci\u00f3n<\/strong><br>Si lo solicita por escrito, INMOLUX Group le informar\u00e1 inmediatamente, en conformidad con la legislaci\u00f3n vigente, acerca de sus datos personales recogidos o memorizados. Si, a pesar de nuestra solicitud, se han memorizado datos incorrectos u obsoletos, los corregiremos con mucho gusto. Si desea informaciones adicionales o tiene alguna duda o consulta acerca del tratamiento de sus datos personales, puede dirigirse a nosotros por correo electr\u00f3nico protecciondedatos@domain.es<\/p>\n<\/div><\/div>\n","protected":false},"excerpt":{"rendered":"<p>Legal Advice La presente WEB es propiedad de INMOLUX Group con domicilio social en Avenida Ricardo Soriano, 55. Marbella, Malaga, con CIF n\u00ba XXXXXX. INMOLUX Group agradece su inter\u00e9s por sus productos y su visita&#8230;<\/p>\n","protected":false},"author":1,"featured_media":0,"parent":0,"menu_order":0,"comment_status":"closed","ping_status":"closed","template":"","meta":{"inline_featured_image":false,"footnotes":""},"class_list":["post-774","page","type-page","status-publish","hentry"],"aioseo_notices":[],"_links":{"self":[{"href":"https:\/\/villasmadronal.es\/ru\/wp-json\/wp\/v2\/pages\/774","targetHints":{"allow":["GET"]}}],"collection":[{"href":"https:\/\/villasmadronal.es\/ru\/wp-json\/wp\/v2\/pages"}],"about":[{"href":"https:\/\/villasmadronal.es\/ru\/wp-json\/wp\/v2\/types\/page"}],"author":[{"embeddable":true,"href":"https:\/\/villasmadronal.es\/ru\/wp-json\/wp\/v2\/users\/1"}],"replies":[{"embeddable":true,"href":"https:\/\/villasmadronal.es\/ru\/wp-json\/wp\/v2\/comments?post=774"}],"version-history":[{"count":1,"href":"https:\/\/villasmadronal.es\/ru\/wp-json\/wp\/v2\/pages\/774\/revisions"}],"predecessor-version":[{"id":775,"href":"https:\/\/villasmadronal.es\/ru\/wp-json\/wp\/v2\/pages\/774\/revisions\/775"}],"wp:attachment":[{"href":"https:\/\/villasmadronal.es\/ru\/wp-json\/wp\/v2\/media?parent=774"}],"curies":[{"name":"wp","href":"https:\/\/api.w.org\/{rel}","templated":true}]}}